{"id":6,"date":"2020-10-29T18:08:35","date_gmt":"2020-10-29T18:08:35","guid":{"rendered":"http:\/\/bemars.com\/costaflores.bemars.com\/?page_id=6"},"modified":"2024-08-02T14:12:49","modified_gmt":"2024-08-02T14:12:49","slug":"home","status":"publish","type":"page","link":"https:\/\/costaflores.com\/es\/","title":{"rendered":"Home"},"content":{"rendered":"<h1>\n\t\tWorld&#8217;s first <br> Criptoactivo respaldado en Vino <br> Bodega Open-Source\n\t<\/h1>\n<h2>\n\t\tBuy now MTB24\n\t<\/h2>\n<h3>\n\t\tThe MTB24 vintage token has arrived!\n\t<\/h3>\n\t<p>2024 was a very special harvest for us in Mendoza and we now have<\/p>\n<p>enough wine for 1024 bottles of this year&#8217;s vintage.<\/p>\n\n<h2>\n\t\t\u00daltimas noticias y eventos\n\t<\/h2>\n<h3>\n\t\tMantenete informado de las \u00faltimas novedades de Costaflores\n\t<\/h3>\n\t\t\t\t\t\t\t\t\t\t\t\t\t\t<a href=\"https:\/\/costaflores.com\/es\/openvinoaleph\/\" target=\"_self\" title=\"OpenVino@Aleph!\" rel=\"noopener\">\n\t\t\t\t<img src=\"https:\/\/costaflores.com\/wp-content\/uploads\/2024\/08\/RWA_logo.webp\" alt=\"\">\n\t\t\t\t<\/a>\n\t\t\t\t\t\t<h3>\n\t\t\t\t<a href=\"https:\/\/costaflores.com\/es\/openvinoaleph\/\" title=\"OpenVino@Aleph!\" tabindex=\"0\">OpenVino@Aleph!<\/a>\t\t\t<\/h3>\n\t\t\t\t\t\t\t\tCome and join Aleph &#8211; the month-long pop-up city experience in Buenos Aires. Aleph is accelerating the Crecimiento &#8230;\n\t\t\t<a href=\"https:\/\/costaflores.com\/es\/openvinoaleph\/\" target=\"_self\" role=\"button\" aria-label=\"Leer m\u00e1s\" rel=\"noopener\">\n\t\t\t\t\t\t\tLeer m\u00e1s\n\t\t<\/a>\n\t\t\t\t\t\t\t\t\t\t\t\t\t\t<a href=\"https:\/\/costaflores.com\/es\/the-magnum-harvest\/\" target=\"_self\" title=\"La cosecha Magnum\" rel=\"noopener\">\n\t\t\t\t<img src=\"https:\/\/costaflores.com\/wp-content\/uploads\/2023\/05\/MTB23_256x256.png\" alt=\"\">\n\t\t\t\t<\/a>\n\t\t\t\t\t\t<h3>\n\t\t\t\t<a href=\"https:\/\/costaflores.com\/es\/the-magnum-harvest\/\" title=\"La cosecha Magnum\" tabindex=\"0\">La cosecha Magnum<\/a>\t\t\t<\/h3>\n\t\t\t\t\t\t\t\tThis year we have a very special announcement: for the MTB* 2023 production we will have 1,024 MAGNUM &#8230;\n\t\t\t<a href=\"https:\/\/costaflores.com\/es\/the-magnum-harvest\/\" target=\"_self\" role=\"button\" aria-label=\"Leer m\u00e1s\" rel=\"noopener\">\n\t\t\t\t\t\t\tLeer m\u00e1s\n\t\t<\/a>\n\t\t\t\t\t\t\t\t\t\t\t\t\t\t<a href=\"https:\/\/costaflores.com\/es\/always-on-the-move\/\" target=\"_self\" title=\"Siempre en movimiento\" rel=\"noopener\">\n\t\t\t\t<img src=\"https:\/\/costaflores.com\/wp-content\/uploads\/2022\/11\/Kleros-Costaflores-Salay-3-copy.png\" alt=\"\">\n\t\t\t\t<\/a>\n\t\t\t\t\t\t<h3>\n\t\t\t\t<a href=\"https:\/\/costaflores.com\/es\/always-on-the-move\/\" title=\"Siempre en movimiento\" tabindex=\"0\">Siempre en movimiento<\/a>\t\t\t<\/h3>\n\t\t\t\t\t\t\t\tScience and wine After Mike&#8217;s fantastic presentation at CREA, we had the incredible visit of researchers from Donja &#8230;\n\t\t\t<a href=\"https:\/\/costaflores.com\/es\/always-on-the-move\/\" target=\"_self\" role=\"button\" aria-label=\"Leer m\u00e1s\" rel=\"noopener\">\n\t\t\t\t\t\t\tLeer m\u00e1s\n\t\t<\/a>\n<h2>\n\t\tNuestros vinos\n\t<\/h2>\n<h3>\n\t\tQuer\u00e9s saber sobre nuestros vinos?\n\t<\/h3>\n\t\n\n\n\n\n\n\t\t\t\t<img src=\"http:\/\/bemars.com\/costaflores.bemars.com\/wp-content\/uploads\/2020\/10\/bg-Costaflores-02-1024.jpg\" alt=\"bg-Costaflores-02-1024\" itemprop=\"image\" title=\"bg-Costaflores-02-1024\" onerror=\"this.style.display='none'\">\n<h2>\n\t\t\u00bfC\u00f3mo funciona la tokenizaci\u00f3n del vino?\n\t<\/h2>\n<h3>\n\t\tSi nunca has tenido criptomonedas,  <br>\u00e9sta es tu oportunidad:\n\t<\/h3>\n\t\t<ul>\n\t\t\t\t\t<li>\n\t\t\t\t<h4>16 y 17 de marzo, 2023<\/h4>\n\t\t<p>Cosechamos las uvas de Costaflores Organic Vineyard.<\/p>\t\t\t\n\t\t\t<\/li>\n\t\t\t\t\t<li>\n\t\t\t\t<h4>Durante los meses de marzo y abril, elaboramos el vino:<\/h4>\n\t\t<p>&#8220;Mike Tango Bravo 2023&#8221;.<\/p>\t\t\t\n\t\t\t<\/li>\n\t\t\t\t\t<li>\n\t\t\t\t<h4>6 de mayo:<\/h4>\n\t\t<p>Emitimos tokens (VCO o Vintage Coin Offering), en funci\u00f3n de la cantidad de botellas de vino producidas.<\/p>\t\t\t\n\t\t\t<\/li>\n\t\t\t\t<\/ul>\n\t\t<ul>\n\t\t\t\t\t<li>\n\t\t\t\t<h4>25 de julio:<\/h4>\n\t\t<p>Los tokens est\u00e1n disponibles para comprar Y vender en Viniswap.<\/p>\t\t\t\n\t\t\t<\/li>\n\t\t\t\t\t<li>\n\t\t\t\t<h4>6 de mayo, 2026:<\/h4>\n\t\t<p>Los vinos est\u00e1n listos y los MTB23 se pueden redimir por botellas de vino en Viniswap.<\/p>\t\t\t\n\t\t\t<\/li>\n\t\t\t\t\t<li>\n\t\t\t\t<h4>6 de mayo, 2033:<\/h4>\n\t\t<p>Los tokens MTB23 ya no pueden ser redimidos por botellas de vino.<\/p>\t\t\t\n\t\t\t<\/li>\n\t\t\t\t<\/ul>\n\t<iframe allowfullscreen=\"\" allow=\"autoplay\" src=\"https:\/\/www.youtube-nocookie.com\/embed\/7ZYISUzJBMo?feature=oembed&amp;start&amp;end&amp;wmode=opaque&amp;loop=0&amp;controls=0&amp;mute=0&amp;rel=0&amp;modestbranding=0\"><\/iframe>\t\n<h2>\n\t\tBienvenidos a Costaflores\n\t<\/h2>\n<h3>\n\t\tCriptocultura del vino\n\t<\/h3>\n\t<p>Bienvenidos a Costaflores Organic Vineyard, Perdriel, Mendoza, Argentina.<\/p>\n<p>Tres uvas: Malbec + Petit Verdot + Cabernet Sauvignon = un vino org\u00e1nico:<\/p>\n<p>The single vineyard behind the world&#8217;s first wine-backed cryptoasset.<\/p>\n\t<iframe allowfullscreen=\"\" allow=\"autoplay\" src=\"https:\/\/www.youtube-nocookie.com\/embed\/-WupJFwF6B0?feature=oembed&amp;start&amp;end&amp;wmode=opaque&amp;loop=0&amp;controls=0&amp;mute=0&amp;rel=0&amp;modestbranding=0\"><\/iframe>\t\n\t<iframe allowfullscreen=\"\" allow=\"autoplay\" src=\"https:\/\/www.youtube-nocookie.com\/embed\/GvhYdOVTmlM?feature=oembed&amp;start&amp;end&amp;wmode=opaque&amp;loop=0&amp;controls=0&amp;mute=0&amp;rel=0&amp;modestbranding=0\"><\/iframe>\t\n<h2>\n\t\tPresentando OpenVino\n\t<\/h2>\n<h3>\n\t\tViticultura digital\n\t<\/h3>\n\t<p>Mike Bravo, Director of OpenVino and the owner of Costaflores Organic Vineyard, explains how OpenVino and blockchain are transforming his boutique winery from Mendoza, Argentina.<\/p>\n<p>OpenVino provides wineries with the tools to create their own, open-source, wine-backed cryptoassets through tokenization. With OpenVino, wineries can self-certify their production as organic, carbon-neutral and other attributes through BioDigital Cert, and convert customers into partners with vine-&gt;wine-&gt;dine-&gt;mind traceability. \u00a8You Drink It, You Own It\u00a8 NFT\u00b4s.<\/p>\n<h2>\n\t\t\u00bfPor qu\u00e9 una Empresa de C\u00f3digo Abierto?\n\t<\/h2>\n<h3>\n\t\tExtrema transparencia y trazabilidad\n\t<\/h3>\n\t<p>How can &#8220;extreme transparency&#8221; bring value to a boutique winery? Using low-cost IoT sensors,&nbsp;360\u00b0 cameras, open-source accounting and ticketing software,&nbsp;Costaflores Organic Vineyard exposes EVERYTHING, and becomes the world&#8217;s first open-source winery.<\/p>\n\t<iframe allowfullscreen=\"\" allow=\"autoplay\" src=\"https:\/\/www.youtube-nocookie.com\/embed\/CTVzrBRVWzM?feature=oembed&amp;start&amp;end&amp;wmode=opaque&amp;loop=0&amp;controls=0&amp;mute=0&amp;rel=0&amp;modestbranding=0\"><\/iframe>\t\n\t<iframe allowfullscreen=\"\" allow=\"autoplay\" src=\"https:\/\/www.youtube-nocookie.com\/embed\/PeXzm1L_Jyc?feature=oembed&amp;start&amp;end&amp;wmode=opaque&amp;loop=0&amp;controls=0&amp;mute=0&amp;rel=0&amp;modestbranding=0\"><\/iframe>\t\n<h2>\n\t\tMonedas de vino y Blockchain\n\t<\/h2>\n<h3>\n\t\tPrecios impulsados por el mercado\n\t<\/h3>\n\t<p>Presenting the world&#8217;s first wine-backed cryptoasset! It&#8217;s like bitcoin, but for wine!<\/p>\n<p>One MTB18 token is worth one bottle of the iconic Argentine organic wine, &#8220;Mike Tango Bravo 2018&#8221;, from Costaflores.<\/p>\n<h2>\n\t\t\u00bfQu\u00e9 tecnolog\u00eda se est\u00e1 utilizando?\n\t<\/h2>\n<h3>\n\t\tDiY Internet de la Vi\u00f1a\n\t<\/h3>\n\tEl proyecto Openvino est\u00e1 transformando el Vi\u00f1edo Org\u00e1nico de Costaflores, acercando el<br>\nInternet of Things to the Internet of Vines.\nMike Bravo explains how low-cost technologies provide &#8220;extreme transparency<br>\nand traceability&#8221;, a window into the day-to-day operations of this small Argentine vineyard.\n\t<iframe allowfullscreen=\"\" allow=\"autoplay\" src=\"https:\/\/www.youtube-nocookie.com\/embed\/DlqX9lzcBcI?feature=oembed&amp;start&amp;end&amp;wmode=opaque&amp;loop=0&amp;controls=0&amp;mute=0&amp;rel=0&amp;modestbranding=0\"><\/iframe>\t\n\t<iframe allowfullscreen=\"\" allow=\"autoplay\" src=\"https:\/\/www.youtube-nocookie.com\/embed\/4eTtINSPcys?feature=oembed&amp;start&amp;end&amp;wmode=opaque&amp;loop=0&amp;controls=0&amp;mute=0&amp;rel=0&amp;modestbranding=0\"><\/iframe>\t\n<h2>\n\t\tCertificaci\u00f3n org\u00e1nica\n\t<\/h2>\n<h3>\n\t\tCertificaci\u00f3n biodigital\n\t<\/h3>\n\tEl proyecto OpenVino y Costaflores Organic Vineyard presentan desde Argentina,<br>\n&#8220;Biodigital Certification&#8221;: self-certification, using low-cost technologies and the blockchain.\n<h2>\n\t\t\u00a1Lo beb\u00e9s, lo ten\u00e9s!\n\t<\/h2>\n<h3>\n\t\tInnovamos pagando a los clientes por sus comentarios\n\t<\/h3>\n\tMike Bravo explains how Costaflores Organic Vineyard is implementing &#8220;extreme<br>\ntraceability&#8221; with their wines.\n\t<iframe allowfullscreen=\"\" allow=\"autoplay\" src=\"https:\/\/www.youtube-nocookie.com\/embed\/wLHG7s_ebI4?feature=oembed&amp;start&amp;end&amp;wmode=opaque&amp;loop=0&amp;controls=0&amp;mute=0&amp;rel=0&amp;modestbranding=0\"><\/iframe>\t\n<h2>\n\t\tPerguntas frecuentes\n\t<\/h2>\n<h3>\n\t\tM\u00e1s preguntas\n\t<\/h3>\n\t<p>Para Preguntas Frecuentes, puede leer nuestra <a href=\"https:\/\/openvino.atlassian.net\/wiki\">wiki<\/a>.<\/p>","protected":false},"excerpt":{"rendered":"<p>World&#8217;s first Organic wine-backed cryptoasset Open-Source winery Buy now MTB24 The MTB24 vintage token has arrived! 2024 was a very special harvest for us in Mendoza and we now have enough wine for 1024 bottles of this year&#8217;s vintage. Latest News and Events Keep informed of the latest news at Costaflores OpenVino@Aleph! Come and join&hellip;<\/p>","protected":false},"author":2,"featured_media":0,"parent":0,"menu_order":0,"comment_status":"closed","ping_status":"closed","template":"","meta":[],"_links":{"self":[{"href":"https:\/\/costaflores.com\/es\/wp-json\/wp\/v2\/pages\/6"}],"collection":[{"href":"https:\/\/costaflores.com\/es\/wp-json\/wp\/v2\/pages"}],"about":[{"href":"https:\/\/costaflores.com\/es\/wp-json\/wp\/v2\/types\/page"}],"author":[{"embeddable":true,"href":"https:\/\/costaflores.com\/es\/wp-json\/wp\/v2\/users\/2"}],"replies":[{"embeddable":true,"href":"https:\/\/costaflores.com\/es\/wp-json\/wp\/v2\/comments?post=6"}],"version-history":[{"count":66,"href":"https:\/\/costaflores.com\/es\/wp-json\/wp\/v2\/pages\/6\/revisions"}],"predecessor-version":[{"id":464,"href":"https:\/\/costaflores.com\/es\/wp-json\/wp\/v2\/pages\/6\/revisions\/464"}],"wp:attachment":[{"href":"https:\/\/costaflores.com\/es\/wp-json\/wp\/v2\/media?parent=6"}],"curies":[{"name":"wp","href":"https:\/\/api.w.org\/{rel}","templated":true}]}}