{"id":43,"date":"2020-11-02T14:06:22","date_gmt":"2020-11-02T14:06:22","guid":{"rendered":"http:\/\/bemars.com\/costaflores.bemars.com\/?page_id=43"},"modified":"2022-05-05T21:07:40","modified_gmt":"2022-05-05T21:07:40","slug":"our-wines","status":"publish","type":"page","link":"https:\/\/costaflores.com\/fr\/our-wines\/","title":{"rendered":"Nos vins"},"content":{"rendered":"<p>Scroll<\/p>\n<h1>\n\t\tNotre Vin : MTB*\n\t<\/h1>\n\t<p>Un vignoble. Trois raisins bio<\/p>\n<p>Levures indig\u00e8nes, sulfites minimes et \u00e0 peine bois\u00e9s.<\/p>\n<p>Un vin contemporain.<\/p>\n<p>V\u00e9rit\u00e9, rythme, \u00e9pices et fruits m\u00fbrs.<\/p>\n<p>C\u00e9l\u00e8bre la vie!<\/p>\n\t\t\t<a href=\"https:\/\/openvino.exchange\/\" target=\"_blank\" role=\"button\" rel=\"noopener\">\n\t\t\t\t\t\t\tViniswap\n\t\t\t\t\t<\/a>\n\t\t\t\t<img src=\"http:\/\/bemars.com\/costaflores.bemars.com\/wp-content\/uploads\/2020\/11\/image-MTB-Malbec-shadow-1.png\" alt=\"image-MTB-Malbec-shadow (1)\" itemprop=\"image\" title=\"image-MTB-Malbec-shadow (1)\" onerror=\"this.style.display='none'\">\n<h2>\n\t\tMTB* Malbec \/ Petit Verdot \/ Cabernet Sauvignon\n\t<\/h2>\n\t\t\t\t\tM\n\t\t55%\n\t\t\t\t\tPV\n\t\t35%\n\t\t\t\t\tCS\n\t\t10%\n\t\t\t<a href=\"https:\/\/openvino.exchange\/\" target=\"_blank\" role=\"button\" rel=\"noopener\">\n\t\t\t\t\t\t\tViniswap\n\t\t\t\t\t<\/a>\n\t\t\t\t<a href=\"http:\/\/costaflores.com\/wp-content\/uploads\/2020\/11\/imagen-instagram-820-01-Mike-Chef.jpg\" data-fancybox=\"images\" title=\"imagen-instagram-820-01-Mike-Chef\" data-caption=\"\" data-description=\"\" itemprop=\"contentUrl\">\n\t\t<img src=\"http:\/\/costaflores.com\/wp-content\/uploads\/2020\/11\/imagen-instagram-820-01-Mike-Chef.jpg\" alt=\"\" data-no-lazy=\"1\" itemprop=\"thumbnail\">\n\t\t\t<!-- Overlay Wrapper -->\n\t\t\t <!-- Overlay Wrapper Closed -->\n\t\t\t\t<\/a>\n\t\t\t\t\t\t\t<meta itemprop=\"width\" content=\"820\">\n\t\t\t<meta itemprop=\"height\" content=\"820\">\n\t\t\t\t<a href=\"http:\/\/costaflores.com\/wp-content\/uploads\/2020\/11\/imagen-instagram-820-02-Mike-Customers.jpg\" data-fancybox=\"images\" title=\"imagen-instagram-820-02-Mike-Customers\" data-caption=\"\" data-description=\"\" itemprop=\"contentUrl\">\n\t\t<img src=\"http:\/\/costaflores.com\/wp-content\/uploads\/2020\/11\/imagen-instagram-820-02-Mike-Customers.jpg\" alt=\"\" data-no-lazy=\"1\" itemprop=\"thumbnail\">\n\t\t\t<!-- Overlay Wrapper -->\n\t\t\t <!-- Overlay Wrapper Closed -->\n\t\t\t\t<\/a>\n\t\t\t\t\t\t\t<meta itemprop=\"width\" content=\"820\">\n\t\t\t<meta itemprop=\"height\" content=\"820\">\n\t\t\t\t<a href=\"http:\/\/costaflores.com\/wp-content\/uploads\/2020\/11\/imagen-instagram-820-03-Mike-Shop.jpg\" data-fancybox=\"images\" title=\"imagen-instagram-820-03-Mike-Shop\" data-caption=\"\" data-description=\"\" itemprop=\"contentUrl\">\n\t\t<img src=\"http:\/\/costaflores.com\/wp-content\/uploads\/2020\/11\/imagen-instagram-820-03-Mike-Shop.jpg\" alt=\"\" data-no-lazy=\"1\" itemprop=\"thumbnail\">\n\t\t\t<!-- Overlay Wrapper -->\n\t\t\t <!-- Overlay Wrapper Closed -->\n\t\t\t\t<\/a>\n\t\t\t\t\t\t\t<meta itemprop=\"width\" content=\"820\">\n\t\t\t<meta itemprop=\"height\" content=\"820\">\n\t\t\t\t<a href=\"http:\/\/costaflores.com\/wp-content\/uploads\/2020\/11\/imagen-instagram-820-04-MTB-blue.jpg\" data-fancybox=\"images\" title=\"imagen-instagram-820-04-MTB-blue\" data-caption=\"\" data-description=\"\" itemprop=\"contentUrl\">\n\t\t<img src=\"http:\/\/costaflores.com\/wp-content\/uploads\/2020\/11\/imagen-instagram-820-04-MTB-blue.jpg\" alt=\"\" data-no-lazy=\"1\" itemprop=\"thumbnail\">\n\t\t\t<!-- Overlay Wrapper -->\n\t\t\t <!-- Overlay Wrapper Closed -->\n\t\t\t\t<\/a>\n\t\t\t\t\t\t\t<meta itemprop=\"width\" content=\"820\">\n\t\t\t<meta itemprop=\"height\" content=\"820\">","protected":false},"excerpt":{"rendered":"<p>Scroll Our Wine: MTB* One vineyard. Three organic grapes. Native yeast, minimal sulfites, and barely oaked. One contemporary wine. Truth, rhythm, spice, and full fruit. Celebrate life! Viniswap MTB* Malbec \/ Petit Verdot \/ Cabernet Sauvignon M 55% PV 35% CS 10% Viniswap<\/p>","protected":false},"author":2,"featured_media":0,"parent":0,"menu_order":0,"comment_status":"closed","ping_status":"closed","template":"","meta":[],"_links":{"self":[{"href":"https:\/\/costaflores.com\/fr\/wp-json\/wp\/v2\/pages\/43"}],"collection":[{"href":"https:\/\/costaflores.com\/fr\/wp-json\/wp\/v2\/pages"}],"about":[{"href":"https:\/\/costaflores.com\/fr\/wp-json\/wp\/v2\/types\/page"}],"author":[{"embeddable":true,"href":"https:\/\/costaflores.com\/fr\/wp-json\/wp\/v2\/users\/2"}],"replies":[{"embeddable":true,"href":"https:\/\/costaflores.com\/fr\/wp-json\/wp\/v2\/comments?post=43"}],"version-history":[{"count":26,"href":"https:\/\/costaflores.com\/fr\/wp-json\/wp\/v2\/pages\/43\/revisions"}],"predecessor-version":[{"id":350,"href":"https:\/\/costaflores.com\/fr\/wp-json\/wp\/v2\/pages\/43\/revisions\/350"}],"wp:attachment":[{"href":"https:\/\/costaflores.com\/fr\/wp-json\/wp\/v2\/media?parent=43"}],"curies":[{"name":"wp","href":"https:\/\/api.w.org\/{rel}","templated":true}]}}