{"id":6,"date":"2020-10-29T18:08:35","date_gmt":"2020-10-29T18:08:35","guid":{"rendered":"http:\/\/bemars.com\/costaflores.bemars.com\/?page_id=6"},"modified":"2024-08-02T14:12:49","modified_gmt":"2024-08-02T14:12:49","slug":"home","status":"publish","type":"page","link":"https:\/\/costaflores.com\/pt\/","title":{"rendered":"Home"},"content":{"rendered":"<h1>\n\t\tWorld&#8217;s first <br> Criptoativo respaldado em Vinho <br> Adega Open-Source\n\t<\/h1>\n<h2>\n\t\tBuy now MTB24\n\t<\/h2>\n<h3>\n\t\tThe MTB24 vintage token has arrived!\n\t<\/h3>\n\t<p>2024 was a very special harvest for us in Mendoza and we now have<\/p>\n<p>enough wine for 1024 bottles of this year&#8217;s vintage.<\/p>\n\n<h2>\n\t\t\u00daltimas not\u00edcias e eventos\n\t<\/h2>\n<h3>\n\t\tFique por dentro das \u00faltimas novidades da Costaflores\n\t<\/h3>\n\t\t\t\t\t\t\t\t\t\t\t\t\t\t<a href=\"https:\/\/costaflores.com\/pt\/openvinoaleph\/\" target=\"_self\" title=\"OpenVino@Aleph!\" rel=\"noopener\">\n\t\t\t\t<img src=\"https:\/\/costaflores.com\/wp-content\/uploads\/2024\/08\/RWA_logo.webp\" alt=\"\">\n\t\t\t\t<\/a>\n\t\t\t\t\t\t<h3>\n\t\t\t\t<a href=\"https:\/\/costaflores.com\/pt\/openvinoaleph\/\" title=\"OpenVino@Aleph!\" tabindex=\"0\">OpenVino@Aleph!<\/a>\t\t\t<\/h3>\n\t\t\t\t\t\t\t\tCome and join Aleph &#8211; the month-long pop-up city experience in Buenos Aires. Aleph is accelerating the Crecimiento &#8230;\n\t\t\t<a href=\"https:\/\/costaflores.com\/pt\/openvinoaleph\/\" target=\"_self\" role=\"button\" aria-label=\"Read More\" rel=\"noopener\">\n\t\t\t\t\t\t\tRead More\n\t\t<\/a>\n\t\t\t\t\t\t\t\t\t\t\t\t\t\t<a href=\"https:\/\/costaflores.com\/pt\/the-magnum-harvest\/\" target=\"_self\" title=\"The Magnum harvest\" rel=\"noopener\">\n\t\t\t\t<img src=\"https:\/\/costaflores.com\/wp-content\/uploads\/2023\/05\/MTB23_256x256.png\" alt=\"\">\n\t\t\t\t<\/a>\n\t\t\t\t\t\t<h3>\n\t\t\t\t<a href=\"https:\/\/costaflores.com\/pt\/the-magnum-harvest\/\" title=\"The Magnum harvest\" tabindex=\"0\">The Magnum harvest<\/a>\t\t\t<\/h3>\n\t\t\t\t\t\t\t\tThis year we have a very special announcement: for the MTB* 2023 production we will have 1,024 MAGNUM &#8230;\n\t\t\t<a href=\"https:\/\/costaflores.com\/pt\/the-magnum-harvest\/\" target=\"_self\" role=\"button\" aria-label=\"Read More\" rel=\"noopener\">\n\t\t\t\t\t\t\tRead More\n\t\t<\/a>\n\t\t\t\t\t\t\t\t\t\t\t\t\t\t<a href=\"https:\/\/costaflores.com\/pt\/always-on-the-move\/\" target=\"_self\" title=\"Always on the move\" rel=\"noopener\">\n\t\t\t\t<img src=\"https:\/\/costaflores.com\/wp-content\/uploads\/2022\/11\/Kleros-Costaflores-Salay-3-copy.png\" alt=\"\">\n\t\t\t\t<\/a>\n\t\t\t\t\t\t<h3>\n\t\t\t\t<a href=\"https:\/\/costaflores.com\/pt\/always-on-the-move\/\" title=\"Always on the move\" tabindex=\"0\">Always on the move<\/a>\t\t\t<\/h3>\n\t\t\t\t\t\t\t\tScience and wine After Mike&#8217;s fantastic presentation at CREA, we had the incredible visit of researchers from Donja &#8230;\n\t\t\t<a href=\"https:\/\/costaflores.com\/pt\/always-on-the-move\/\" target=\"_self\" role=\"button\" aria-label=\"Read More\" rel=\"noopener\">\n\t\t\t\t\t\t\tRead More\n\t\t<\/a>\n<h2>\n\t\tNossos vinhos\n\t<\/h2>\n<h3>\n\t\tQuer conhecer nossos vinhos?\n\t<\/h3>\n\t\n\n\n\n\n\n\t\t\t\t<img src=\"http:\/\/bemars.com\/costaflores.bemars.com\/wp-content\/uploads\/2020\/10\/bg-Costaflores-02-1024.jpg\" alt=\"bg-Costaflores-02-1024\" itemprop=\"image\" title=\"bg-Costaflores-02-1024\" onerror=\"this.style.display='none'\">\n<h2>\n\t\tComo funciona a tokeniza\u00e7\u00e3o de vinho?\n\t<\/h2>\n<h3>\n\t\tSe voc\u00ea nunca teve criptomoedas,  <br>esta \u00e9 a sua chance:\n\t<\/h3>\n\t\t<ul>\n\t\t\t\t\t<li>\n\t\t\t\t<h4>16 e 17 de mar\u00e7o de 2023<\/h4>\n\t\t<p>Colhemos as uvas da Costaflores Organic Vineyard.<\/p>\t\t\t\n\t\t\t<\/li>\n\t\t\t\t\t<li>\n\t\t\t\t<h4>Durante os meses de mar\u00e7o e abril, fazemos o vinho:<\/h4>\n\t\t<p>&#8220;Mike Tango Bravo 2023&#8221;.<\/p>\t\t\t\n\t\t\t<\/li>\n\t\t\t\t\t<li>\n\t\t\t\t<h4>6 de maio:<\/h4>\n\t\t<p>Emitimos tokens (VCO ou Vintage Coin Offering) com base no n\u00famero de garrafas de vinho produzidas.<\/p>\t\t\t\n\t\t\t<\/li>\n\t\t\t\t<\/ul>\n\t\t<ul>\n\t\t\t\t\t<li>\n\t\t\t\t<h4>25 de julho:<\/h4>\n\t\t<p>Os tokens est\u00e3o dispon\u00edveis para compra E venda no Viniswap.<\/p>\t\t\t\n\t\t\t<\/li>\n\t\t\t\t\t<li>\n\t\t\t\t<h4>6 de maio de 2026:<\/h4>\n\t\t<p>Os vinhos est\u00e3o prontos, os tokens MTB23 podem ser trocados por garrafas no Viniswap.<\/p>\t\t\t\n\t\t\t<\/li>\n\t\t\t\t\t<li>\n\t\t\t\t<h4>6 de maio, 2033:<\/h4>\n\t\t<p>Os tokens MTB23 n\u00e3o podem mais ser trocados por garrafas de vinho.<\/p>\t\t\t\n\t\t\t<\/li>\n\t\t\t\t<\/ul>\n\t<iframe allowfullscreen=\"\" allow=\"autoplay\" src=\"https:\/\/www.youtube-nocookie.com\/embed\/7ZYISUzJBMo?feature=oembed&amp;start&amp;end&amp;wmode=opaque&amp;loop=0&amp;controls=0&amp;mute=0&amp;rel=0&amp;modestbranding=0\"><\/iframe>\t\n<h2>\n\t\tBem-vindo \u00e0 Costaflores\n\t<\/h2>\n<h3>\n\t\tCultura Cryptowine\n\t<\/h3>\n\t<p>Bem-vindo ao Vinhedo Org\u00e2nico Costaflores, Perdriel, Mendoza, Argentina.<\/p>\n<p>Tr\u00eas uvas: Malbec + Petit Verdot + Cabernet Sauvignon = um vinho org\u00e2nico:<\/p>\n<p>The single vineyard behind the world&#8217;s first wine-backed cryptoasset.<\/p>\n\t<iframe allowfullscreen=\"\" allow=\"autoplay\" src=\"https:\/\/www.youtube-nocookie.com\/embed\/-WupJFwF6B0?feature=oembed&amp;start&amp;end&amp;wmode=opaque&amp;loop=0&amp;controls=0&amp;mute=0&amp;rel=0&amp;modestbranding=0\"><\/iframe>\t\n\t<iframe allowfullscreen=\"\" allow=\"autoplay\" src=\"https:\/\/www.youtube-nocookie.com\/embed\/GvhYdOVTmlM?feature=oembed&amp;start&amp;end&amp;wmode=opaque&amp;loop=0&amp;controls=0&amp;mute=0&amp;rel=0&amp;modestbranding=0\"><\/iframe>\t\n<h2>\n\t\tApresentando o OpenVino\n\t<\/h2>\n<h3>\n\t\tViticultura digital\n\t<\/h3>\n\t<p>Mike Bravo, Director of OpenVino and the owner of Costaflores Organic Vineyard, explains how OpenVino and blockchain are transforming his boutique winery from Mendoza, Argentina.<\/p>\n<p>OpenVino provides wineries with the tools to create their own, open-source, wine-backed cryptoassets through tokenization. With OpenVino, wineries can self-certify their production as organic, carbon-neutral and other attributes through BioDigital Cert, and convert customers into partners with vine-&gt;wine-&gt;dine-&gt;mind traceability. \u00a8You Drink It, You Own It\u00a8 NFT\u00b4s.<\/p>\n<h2>\n\t\tPor que uma Empresa de C\u00f3digo Aberto?\n\t<\/h2>\n<h3>\n\t\tExtrema transpar\u00eancia e rastreabilidade\n\t<\/h3>\n\t<p>How can &#8220;extreme transparency&#8221; bring value to a boutique winery? Using low-cost IoT sensors,&nbsp;360\u00b0 cameras, open-source accounting and ticketing software,&nbsp;Costaflores Organic Vineyard exposes EVERYTHING, and becomes the world&#8217;s first open-source winery.<\/p>\n\t<iframe allowfullscreen=\"\" allow=\"autoplay\" src=\"https:\/\/www.youtube-nocookie.com\/embed\/CTVzrBRVWzM?feature=oembed&amp;start&amp;end&amp;wmode=opaque&amp;loop=0&amp;controls=0&amp;mute=0&amp;rel=0&amp;modestbranding=0\"><\/iframe>\t\n\t<iframe allowfullscreen=\"\" allow=\"autoplay\" src=\"https:\/\/www.youtube-nocookie.com\/embed\/PeXzm1L_Jyc?feature=oembed&amp;start&amp;end&amp;wmode=opaque&amp;loop=0&amp;controls=0&amp;mute=0&amp;rel=0&amp;modestbranding=0\"><\/iframe>\t\n<h2>\n\t\tMoedas de vinho e Blockchain\n\t<\/h2>\n<h3>\n\t\tPre\u00e7os impulsionados pelo mercado\n\t<\/h3>\n\t<p>Presenting the world&#8217;s first wine-backed cryptoasset! It&#8217;s like bitcoin, but for wine!<\/p>\n<p>One MTB18 token is worth one bottle of the iconic Argentine organic wine, &#8220;Mike Tango Bravo 2018&#8221;, from Costaflores.<\/p>\n<h2>\n\t\tQual tecnologia est\u00e1 sendo usada?\n\t<\/h2>\n<h3>\n\t\tDiY Internet das Vinhas\n\t<\/h3>\n\tO projeto Openvino est\u00e1 transformando a Vinha Org\u00e2nica Costaflores, trazendo a<br>\nInternet of Things to the Internet of Vines.\nMike Bravo explains how low-cost technologies provide &#8220;extreme transparency<br>\nand traceability&#8221;, a window into the day-to-day operations of this small Argentine vineyard.\n\t<iframe allowfullscreen=\"\" allow=\"autoplay\" src=\"https:\/\/www.youtube-nocookie.com\/embed\/DlqX9lzcBcI?feature=oembed&amp;start&amp;end&amp;wmode=opaque&amp;loop=0&amp;controls=0&amp;mute=0&amp;rel=0&amp;modestbranding=0\"><\/iframe>\t\n\t<iframe allowfullscreen=\"\" allow=\"autoplay\" src=\"https:\/\/www.youtube-nocookie.com\/embed\/4eTtINSPcys?feature=oembed&amp;start&amp;end&amp;wmode=opaque&amp;loop=0&amp;controls=0&amp;mute=0&amp;rel=0&amp;modestbranding=0\"><\/iframe>\t\n<h2>\n\t\tCertifica\u00e7\u00e3o org\u00e2nica\n\t<\/h2>\n<h3>\n\t\tCertifica\u00e7\u00e3o biodigital\n\t<\/h3>\n\tO projeto OpenVino e o Vinhedo Org\u00e2nico Costaflores de Mendoza, Argentina apresentam<br>\n&#8220;Biodigital Certification&#8221;: self-certification, using low-cost technologies and the blockchain.\n<h2>\n\t\tVoc\u00ea bebe, voc\u00ea \u00e9 o dono!\n\t<\/h2>\n<h3>\n\t\tN\u00f3s inovamos ao pagar os clientes por seus coment\u00e1rios\n\t<\/h3>\n\tMike Bravo explains how Costaflores Organic Vineyard is implementing &#8220;extreme<br>\ntraceability&#8221; with their wines.\n\t<iframe allowfullscreen=\"\" allow=\"autoplay\" src=\"https:\/\/www.youtube-nocookie.com\/embed\/wLHG7s_ebI4?feature=oembed&amp;start&amp;end&amp;wmode=opaque&amp;loop=0&amp;controls=0&amp;mute=0&amp;rel=0&amp;modestbranding=0\"><\/iframe>\t\n<h2>\n\t\tPerguntas frequentes\n\t<\/h2>\n<h3>\n\t\tMais perguntas\n\t<\/h3>\n\t<p>Para perguntas frequentes, voc\u00ea pode ler nosso <a href=\"https:\/\/openvino.atlassian.net\/wiki\">wiki<\/a>.<\/p>","protected":false},"excerpt":{"rendered":"<p>World&#8217;s first Organic wine-backed cryptoasset Open-Source winery Buy now MTB24 The MTB24 vintage token has arrived! 2024 was a very special harvest for us in Mendoza and we now have enough wine for 1024 bottles of this year&#8217;s vintage. Latest News and Events Keep informed of the latest news at Costaflores OpenVino@Aleph! Come and join&hellip;<\/p>","protected":false},"author":2,"featured_media":0,"parent":0,"menu_order":0,"comment_status":"closed","ping_status":"closed","template":"","meta":[],"_links":{"self":[{"href":"https:\/\/costaflores.com\/pt\/wp-json\/wp\/v2\/pages\/6"}],"collection":[{"href":"https:\/\/costaflores.com\/pt\/wp-json\/wp\/v2\/pages"}],"about":[{"href":"https:\/\/costaflores.com\/pt\/wp-json\/wp\/v2\/types\/page"}],"author":[{"embeddable":true,"href":"https:\/\/costaflores.com\/pt\/wp-json\/wp\/v2\/users\/2"}],"replies":[{"embeddable":true,"href":"https:\/\/costaflores.com\/pt\/wp-json\/wp\/v2\/comments?post=6"}],"version-history":[{"count":66,"href":"https:\/\/costaflores.com\/pt\/wp-json\/wp\/v2\/pages\/6\/revisions"}],"predecessor-version":[{"id":464,"href":"https:\/\/costaflores.com\/pt\/wp-json\/wp\/v2\/pages\/6\/revisions\/464"}],"wp:attachment":[{"href":"https:\/\/costaflores.com\/pt\/wp-json\/wp\/v2\/media?parent=6"}],"curies":[{"name":"wp","href":"https:\/\/api.w.org\/{rel}","templated":true}]}}